{"id":2718,"date":"2025-11-20T10:18:27","date_gmt":"2025-11-20T09:18:27","guid":{"rendered":"https:\/\/oseo-ne.ch\/shop\/?post_type=product&#038;p=2718"},"modified":"2025-12-15T13:22:30","modified_gmt":"2025-12-15T12:22:30","slug":"dell-station-daccueil-wd15","status":"publish","type":"product","link":"https:\/\/oseo-ne.ch\/shop\/produit\/dell-station-daccueil-wd15\/","title":{"rendered":"Dell Station d&rsquo;accueil WD15"},"content":{"rendered":"<p class=\"yVWuFvz5 yVWuFvzA yVWuFvzB\"><strong>Connexions et fonctionnalit\u00e9s<\/strong><\/p>\n<ul class=\"yVWuFvzC\">\n<li class=\"yVWuFvzD yVWuFvzE yVWuFvzF\">Prend en charge 2 \u00e9crans FHD<\/li>\n<li class=\"yVWuFvzD yVWuFvzE yVWuFvzF\">Deux ports USB 2.0<\/li>\n<li class=\"yVWuFvzD yVWuFvzE yVWuFvzF\">Trois ports USB 3.0<\/li>\n<li class=\"yVWuFvzD yVWuFvzE yVWuFvzF\">Sortie haut-parleur (arri\u00e8re)<\/li>\n<li class=\"yVWuFvzD yVWuFvzE yVWuFvzF\">Audio combin\u00e9 (avant)<\/li>\n<li class=\"yVWuFvzD yVWuFvzE yVWuFvzF\">Ethernet Gigabit<\/li>\n<li class=\"yVWuFvzD yVWuFvzE yVWuFvzF\">Emplacement pour verrou Kensington<\/li>\n<li class=\"yVWuFvzD yVWuFvzE yVWuFvzF\">Adaptateur secteur de 180W avec connecteur cylindrique de 7,4 mm.<\/li>\n<\/ul>\n","protected":false},"excerpt":{"rendered":"<p>Dot\u00e9 d&rsquo;un puissant c\u00e2ble DisplayPort sur USB Type-C, le Dell Dock vous permet de connecter rapidement votre ordinateur portable ou votre tablette \u00e0 une source unique de donn\u00e9es et d&rsquo;alimentation allant jusqu&rsquo;\u00e0 130W pour les appareils Dell et 60W pour les appareils non-Dell.<\/p>\n","protected":false},"featured_media":2720,"comment_status":"open","ping_status":"closed","template":"","meta":[],"product_brand":[],"product_cat":[91,36],"product_tag":[],"class_list":{"0":"post-2718","1":"product","2":"type-product","3":"status-publish","4":"has-post-thumbnail","6":"product_cat-accessoires-ordinateurs","7":"product_cat-ordinateurs","9":"first","10":"instock","11":"shipping-taxable","12":"purchasable","13":"product-type-simple"},"jetpack_sharing_enabled":true,"_links":{"self":[{"href":"https:\/\/oseo-ne.ch\/shop\/wp-json\/wp\/v2\/product\/2718","targetHints":{"allow":["GET"]}}],"collection":[{"href":"https:\/\/oseo-ne.ch\/shop\/wp-json\/wp\/v2\/product"}],"about":[{"href":"https:\/\/oseo-ne.ch\/shop\/wp-json\/wp\/v2\/types\/product"}],"replies":[{"embeddable":true,"href":"https:\/\/oseo-ne.ch\/shop\/wp-json\/wp\/v2\/comments?post=2718"}],"wp:featuredmedia":[{"embeddable":true,"href":"https:\/\/oseo-ne.ch\/shop\/wp-json\/wp\/v2\/media\/2720"}],"wp:attachment":[{"href":"https:\/\/oseo-ne.ch\/shop\/wp-json\/wp\/v2\/media?parent=2718"}],"wp:term":[{"taxonomy":"product_brand","embeddable":true,"href":"https:\/\/oseo-ne.ch\/shop\/wp-json\/wp\/v2\/product_brand?post=2718"},{"taxonomy":"product_cat","embeddable":true,"href":"https:\/\/oseo-ne.ch\/shop\/wp-json\/wp\/v2\/product_cat?post=2718"},{"taxonomy":"product_tag","embeddable":true,"href":"https:\/\/oseo-ne.ch\/shop\/wp-json\/wp\/v2\/product_tag?post=2718"}],"curies":[{"name":"wp","href":"https:\/\/api.w.org\/{rel}","templated":true}]}}