{"id":2725,"date":"2025-11-20T10:25:18","date_gmt":"2025-11-20T09:25:18","guid":{"rendered":"https:\/\/oseo-ne.ch\/shop\/?post_type=product&#038;p=2725"},"modified":"2026-02-26T10:28:40","modified_gmt":"2026-02-26T09:28:40","slug":"dell-station-daccueil-wd19","status":"publish","type":"product","link":"https:\/\/oseo-ne.ch\/shop\/produit\/dell-station-daccueil-wd19\/","title":{"rendered":"Dell Station d&rsquo;accueil WD19"},"content":{"rendered":"<p class=\"yVWuFvz5 yVWuFvzA yVWuFvzB\"><strong>Connexions et fonctionnalit\u00e9s<\/strong><\/p>\n<ul class=\"yVWuFvzC\">\n<li class=\"yVWuFvzD yVWuFvzE yVWuFvzF\">Prend en charge 2 \u00e9crans FHD<\/li>\n<li class=\"yVWuFvzD yVWuFvzE yVWuFvzF\">Deux port USB-C<\/li>\n<li class=\"yVWuFvzD yVWuFvzE yVWuFvzF\">Trois ports USB 3.0<\/li>\n<li class=\"yVWuFvzD yVWuFvzE yVWuFvzF\">Sortie haut-parleur (arri\u00e8re)<\/li>\n<li class=\"yVWuFvzD yVWuFvzE yVWuFvzF\">Audio combin\u00e9 (avant)<\/li>\n<li>Deux DisplayPort<\/li>\n<li>Un HDMI<\/li>\n<li class=\"yVWuFvzD yVWuFvzE yVWuFvzF\">Ethernet Gigabit<\/li>\n<li class=\"yVWuFvzD yVWuFvzE yVWuFvzF\">Emplacement pour verrou Kensington<\/li>\n<li class=\"yVWuFvzD yVWuFvzE yVWuFvzF\">Adaptateur secteur de 180W avec connecteur cylindrique de 7,4 mm.<\/li>\n<\/ul>\n","protected":false},"excerpt":{"rendered":"<p>Cette station d&rsquo;accueil \u00e9tend votre ordinateur portable via un ou deux ports USB-C, ajoutant des ports suppl\u00e9mentaires pour les p\u00e9riph\u00e9riques, le r\u00e9seau et les moniteurs externes. De plus, elle est capable d&rsquo;alimenter votre ordinateur portable via le port USB-C utilis\u00e9. Profitez \u00e9galement de fonctionnalit\u00e9s de s\u00e9curit\u00e9 et de gestion avanc\u00e9es, telles que des emplacements pour des cadenas de s\u00e9curit\u00e9 de diff\u00e9rents standards, ainsi que le support PXE et WOL.<\/p>\n","protected":false},"featured_media":2722,"comment_status":"open","ping_status":"closed","template":"","meta":[],"product_brand":[],"product_cat":[91,36],"product_tag":[],"class_list":{"0":"post-2725","1":"product","2":"type-product","3":"status-publish","4":"has-post-thumbnail","6":"product_cat-accessoires-ordinateurs","7":"product_cat-ordinateurs","9":"first","10":"outofstock","11":"shipping-taxable","12":"purchasable","13":"product-type-simple"},"jetpack_sharing_enabled":true,"_links":{"self":[{"href":"https:\/\/oseo-ne.ch\/shop\/wp-json\/wp\/v2\/product\/2725","targetHints":{"allow":["GET"]}}],"collection":[{"href":"https:\/\/oseo-ne.ch\/shop\/wp-json\/wp\/v2\/product"}],"about":[{"href":"https:\/\/oseo-ne.ch\/shop\/wp-json\/wp\/v2\/types\/product"}],"replies":[{"embeddable":true,"href":"https:\/\/oseo-ne.ch\/shop\/wp-json\/wp\/v2\/comments?post=2725"}],"wp:featuredmedia":[{"embeddable":true,"href":"https:\/\/oseo-ne.ch\/shop\/wp-json\/wp\/v2\/media\/2722"}],"wp:attachment":[{"href":"https:\/\/oseo-ne.ch\/shop\/wp-json\/wp\/v2\/media?parent=2725"}],"wp:term":[{"taxonomy":"product_brand","embeddable":true,"href":"https:\/\/oseo-ne.ch\/shop\/wp-json\/wp\/v2\/product_brand?post=2725"},{"taxonomy":"product_cat","embeddable":true,"href":"https:\/\/oseo-ne.ch\/shop\/wp-json\/wp\/v2\/product_cat?post=2725"},{"taxonomy":"product_tag","embeddable":true,"href":"https:\/\/oseo-ne.ch\/shop\/wp-json\/wp\/v2\/product_tag?post=2725"}],"curies":[{"name":"wp","href":"https:\/\/api.w.org\/{rel}","templated":true}]}}